{"id":111,"date":"2019-12-18T10:24:28","date_gmt":"2019-12-18T09:24:28","guid":{"rendered":"https:\/\/www.iqera.com\/?page_id=111"},"modified":"2025-05-02T13:58:22","modified_gmt":"2025-05-02T11:58:22","slug":"espace-entreprise","status":"publish","type":"page","link":"https:\/\/www.iqera.com\/fr\/espace-entreprise\/","title":{"rendered":"Espace Entreprise"},"content":{"rendered":"","protected":false},"excerpt":{"rendered":"","protected":false},"author":745,"featured_media":0,"parent":0,"menu_order":0,"comment_status":"closed","ping_status":"closed","template":"views\/template-accueil.blade.php","meta":{"_acf_changed":false,"footnotes":""},"class_list":["post-111","page","type-page","status-publish","hentry","website-area-enterprise"],"acf":[],"yoast_head":"<!-- This site is optimized with the Yoast SEO plugin v27.4 - https:\/\/yoast.com\/product\/yoast-seo-wordpress\/ -->\n<title>Leader en Gestion et Acquisition de cr\u00e9ances - iQera<\/title>\n<meta name=\"description\" content=\"iQera est le partenaire de r\u00e9f\u00e9rence des entreprises et des institutions financi\u00e8res dans la gestion et l&#039;acquisition de leurs cr\u00e9ances.\" \/>\n<meta name=\"robots\" content=\"index, follow, max-snippet:-1, max-image-preview:large, max-video-preview:-1\" \/>\n<link rel=\"canonical\" href=\"https:\/\/www.iqera.com\/fr\/espace-entreprise\/\" \/>\n<meta property=\"og:locale\" content=\"fr_FR\" \/>\n<meta property=\"og:type\" content=\"article\" \/>\n<meta property=\"og:title\" content=\"Leader en Gestion et Acquisition de cr\u00e9ances - iQera\" \/>\n<meta property=\"og:description\" content=\"iQera est le partenaire de r\u00e9f\u00e9rence des entreprises et des institutions financi\u00e8res dans la gestion et l&#039;acquisition de leurs cr\u00e9ances.\" \/>\n<meta property=\"og:url\" content=\"https:\/\/www.iqera.com\/fr\/espace-entreprise\/\" \/>\n<meta property=\"og:site_name\" content=\"iQera\" \/>\n<meta property=\"article:publisher\" content=\"https:\/\/www.facebook.com\/iQeraIO\" \/>\n<meta property=\"article:modified_time\" content=\"2025-05-02T11:58:22+00:00\" \/>\n<meta property=\"og:image\" content=\"https:\/\/www.iqera.com\/app\/uploads\/2020\/07\/iqera_1200x628.jpg\" \/>\n\t<meta property=\"og:image:width\" content=\"1200\" \/>\n\t<meta property=\"og:image:height\" content=\"628\" \/>\n\t<meta property=\"og:image:type\" content=\"image\/jpeg\" \/>\n<meta name=\"twitter:card\" content=\"summary_large_image\" \/>\n<meta name=\"twitter:site\" content=\"@iqera_group\" \/>\n<meta name=\"twitter:label1\" content=\"Dur\u00e9e de lecture estim\u00e9e\" \/>\n\t<meta name=\"twitter:data1\" content=\"6 minutes\" \/>\n<script type=\"application\/ld+json\" class=\"yoast-schema-graph\">{\"@context\":\"https:\\\/\\\/schema.org\",\"@graph\":[{\"@type\":\"WebPage\",\"@id\":\"https:\\\/\\\/www.iqera.com\\\/fr\\\/espace-entreprise\\\/\",\"url\":\"https:\\\/\\\/www.iqera.com\\\/fr\\\/espace-entreprise\\\/\",\"name\":\"Leader en Gestion et Acquisition de cr\u00e9ances - iQera\",\"isPartOf\":{\"@id\":\"https:\\\/\\\/www.iqera.com\\\/fr\\\/#website\"},\"datePublished\":\"2019-12-18T09:24:28+00:00\",\"dateModified\":\"2025-05-02T11:58:22+00:00\",\"description\":\"iQera est le partenaire de r\u00e9f\u00e9rence des entreprises et des institutions financi\u00e8res dans la gestion et l'acquisition de leurs cr\u00e9ances.\",\"breadcrumb\":{\"@id\":\"https:\\\/\\\/www.iqera.com\\\/fr\\\/espace-entreprise\\\/#breadcrumb\"},\"inLanguage\":\"fr-FR\",\"potentialAction\":[{\"@type\":\"ReadAction\",\"target\":[\"https:\\\/\\\/www.iqera.com\\\/fr\\\/espace-entreprise\\\/\"]}]},{\"@type\":\"BreadcrumbList\",\"@id\":\"https:\\\/\\\/www.iqera.com\\\/fr\\\/espace-entreprise\\\/#breadcrumb\",\"itemListElement\":[{\"@type\":\"ListItem\",\"position\":1,\"name\":\"Home\",\"item\":\"https:\\\/\\\/www.iqera.com\\\/fr\\\/\"},{\"@type\":\"ListItem\",\"position\":2,\"name\":\"Espace Entreprise\"}]},{\"@type\":\"WebSite\",\"@id\":\"https:\\\/\\\/www.iqera.com\\\/fr\\\/#website\",\"url\":\"https:\\\/\\\/www.iqera.com\\\/fr\\\/\",\"name\":\"iQera\",\"description\":\"Leader de la relation financi\u00e8re clients\",\"potentialAction\":[{\"@type\":\"SearchAction\",\"target\":{\"@type\":\"EntryPoint\",\"urlTemplate\":\"https:\\\/\\\/www.iqera.com\\\/fr\\\/?s={search_term_string}\"},\"query-input\":{\"@type\":\"PropertyValueSpecification\",\"valueRequired\":true,\"valueName\":\"search_term_string\"}}],\"inLanguage\":\"fr-FR\"}]}<\/script>\n<!-- \/ Yoast SEO plugin. -->","yoast_head_json":{"title":"Leader en Gestion et Acquisition de cr\u00e9ances - iQera","description":"iQera est le partenaire de r\u00e9f\u00e9rence des entreprises et des institutions financi\u00e8res dans la gestion et l'acquisition de leurs cr\u00e9ances.","robots":{"index":"index","follow":"follow","max-snippet":"max-snippet:-1","max-image-preview":"max-image-preview:large","max-video-preview":"max-video-preview:-1"},"canonical":"https:\/\/www.iqera.com\/fr\/espace-entreprise\/","og_locale":"fr_FR","og_type":"article","og_title":"Leader en Gestion et Acquisition de cr\u00e9ances - iQera","og_description":"iQera est le partenaire de r\u00e9f\u00e9rence des entreprises et des institutions financi\u00e8res dans la gestion et l'acquisition de leurs cr\u00e9ances.","og_url":"https:\/\/www.iqera.com\/fr\/espace-entreprise\/","og_site_name":"iQera","article_publisher":"https:\/\/www.facebook.com\/iQeraIO","article_modified_time":"2025-05-02T11:58:22+00:00","og_image":[{"width":1200,"height":628,"url":"https:\/\/www.iqera.com\/app\/uploads\/2020\/07\/iqera_1200x628.jpg","type":"image\/jpeg"}],"twitter_card":"summary_large_image","twitter_site":"@iqera_group","twitter_misc":{"Dur\u00e9e de lecture estim\u00e9e":"6 minutes"},"schema":{"@context":"https:\/\/schema.org","@graph":[{"@type":"WebPage","@id":"https:\/\/www.iqera.com\/fr\/espace-entreprise\/","url":"https:\/\/www.iqera.com\/fr\/espace-entreprise\/","name":"Leader en Gestion et Acquisition de cr\u00e9ances - iQera","isPartOf":{"@id":"https:\/\/www.iqera.com\/fr\/#website"},"datePublished":"2019-12-18T09:24:28+00:00","dateModified":"2025-05-02T11:58:22+00:00","description":"iQera est le partenaire de r\u00e9f\u00e9rence des entreprises et des institutions financi\u00e8res dans la gestion et l'acquisition de leurs cr\u00e9ances.","breadcrumb":{"@id":"https:\/\/www.iqera.com\/fr\/espace-entreprise\/#breadcrumb"},"inLanguage":"fr-FR","potentialAction":[{"@type":"ReadAction","target":["https:\/\/www.iqera.com\/fr\/espace-entreprise\/"]}]},{"@type":"BreadcrumbList","@id":"https:\/\/www.iqera.com\/fr\/espace-entreprise\/#breadcrumb","itemListElement":[{"@type":"ListItem","position":1,"name":"Home","item":"https:\/\/www.iqera.com\/fr\/"},{"@type":"ListItem","position":2,"name":"Espace Entreprise"}]},{"@type":"WebSite","@id":"https:\/\/www.iqera.com\/fr\/#website","url":"https:\/\/www.iqera.com\/fr\/","name":"iQera","description":"Leader de la relation financi\u00e8re clients","potentialAction":[{"@type":"SearchAction","target":{"@type":"EntryPoint","urlTemplate":"https:\/\/www.iqera.com\/fr\/?s={search_term_string}"},"query-input":{"@type":"PropertyValueSpecification","valueRequired":true,"valueName":"search_term_string"}}],"inLanguage":"fr-FR"}]}},"_links":{"self":[{"href":"https:\/\/www.iqera.com\/fr\/wp-json\/wp\/v2\/pages\/111","targetHints":{"allow":["GET"]}}],"collection":[{"href":"https:\/\/www.iqera.com\/fr\/wp-json\/wp\/v2\/pages"}],"about":[{"href":"https:\/\/www.iqera.com\/fr\/wp-json\/wp\/v2\/types\/page"}],"author":[{"embeddable":true,"href":"https:\/\/www.iqera.com\/fr\/wp-json\/wp\/v2\/users\/745"}],"replies":[{"embeddable":true,"href":"https:\/\/www.iqera.com\/fr\/wp-json\/wp\/v2\/comments?post=111"}],"version-history":[{"count":222,"href":"https:\/\/www.iqera.com\/fr\/wp-json\/wp\/v2\/pages\/111\/revisions"}],"predecessor-version":[{"id":13037,"href":"https:\/\/www.iqera.com\/fr\/wp-json\/wp\/v2\/pages\/111\/revisions\/13037"}],"wp:attachment":[{"href":"https:\/\/www.iqera.com\/fr\/wp-json\/wp\/v2\/media?parent=111"}],"curies":[{"name":"wp","href":"https:\/\/api.w.org\/{rel}","templated":true}]}}