{"id":13382,"date":"2025-11-04T09:37:07","date_gmt":"2025-11-04T08:37:07","guid":{"rendered":"https:\/\/www.iqera.com\/?page_id=13382"},"modified":"2025-11-04T09:39:04","modified_gmt":"2025-11-04T08:39:04","slug":"13382-2","status":"publish","type":"page","link":"https:\/\/www.iqera.com\/fr\/13382-2\/","title":{"rendered":"Paiements s\u00e9curis\u00e9s"},"content":{"rendered":"","protected":false},"excerpt":{"rendered":"","protected":false},"author":24,"featured_media":0,"parent":0,"menu_order":0,"comment_status":"closed","ping_status":"closed","template":"views\/template-free-section-page.blade.php","meta":{"_acf_changed":false,"footnotes":""},"class_list":["post-13382","page","type-page","status-publish","hentry","website-area-debitor"],"acf":[],"yoast_head":"<!-- This site is optimized with the Yoast SEO plugin v27.1.1 - https:\/\/yoast.com\/product\/yoast-seo-wordpress\/ -->\n<title>Paiements s\u00e9curis\u00e9s - iQera<\/title>\n<meta name=\"description\" content=\"Page Paiements s\u00e9curis\u00e9s\" \/>\n<meta name=\"robots\" content=\"index, follow, max-snippet:-1, max-image-preview:large, max-video-preview:-1\" \/>\n<link rel=\"canonical\" href=\"https:\/\/www.iqera.com\/fr\/13382-2\/\" \/>\n<meta property=\"og:locale\" content=\"fr_FR\" \/>\n<meta property=\"og:type\" content=\"article\" \/>\n<meta property=\"og:title\" content=\"Paiements s\u00e9curis\u00e9s - iQera\" \/>\n<meta property=\"og:description\" content=\"Page Paiements s\u00e9curis\u00e9s\" \/>\n<meta property=\"og:url\" content=\"https:\/\/www.iqera.com\/fr\/13382-2\/\" \/>\n<meta property=\"og:site_name\" content=\"iQera\" \/>\n<meta property=\"article:publisher\" content=\"https:\/\/www.facebook.com\/iQeraIO\" \/>\n<meta property=\"article:modified_time\" content=\"2025-11-04T08:39:04+00:00\" \/>\n<meta property=\"og:image\" content=\"https:\/\/www.iqera.com\/app\/uploads\/2020\/07\/iqera_1200x628.jpg\" \/>\n\t<meta property=\"og:image:width\" content=\"1200\" \/>\n\t<meta property=\"og:image:height\" content=\"628\" \/>\n\t<meta property=\"og:image:type\" content=\"image\/jpeg\" \/>\n<meta name=\"twitter:card\" content=\"summary_large_image\" \/>\n<meta name=\"twitter:site\" content=\"@iqera_group\" \/>\n<meta name=\"twitter:label1\" content=\"Dur\u00e9e de lecture estim\u00e9e\" \/>\n\t<meta name=\"twitter:data1\" content=\"2 minutes\" \/>\n<script type=\"application\/ld+json\" class=\"yoast-schema-graph\">{\"@context\":\"https:\/\/schema.org\",\"@graph\":[{\"@type\":\"WebPage\",\"@id\":\"https:\/\/www.iqera.com\/fr\/13382-2\/\",\"url\":\"https:\/\/www.iqera.com\/fr\/13382-2\/\",\"name\":\"Paiements s\u00e9curis\u00e9s - iQera\",\"isPartOf\":{\"@id\":\"https:\/\/www.iqera.com\/fr\/#website\"},\"datePublished\":\"2025-11-04T08:37:07+00:00\",\"dateModified\":\"2025-11-04T08:39:04+00:00\",\"description\":\"Page Paiements s\u00e9curis\u00e9s\",\"breadcrumb\":{\"@id\":\"https:\/\/www.iqera.com\/fr\/13382-2\/#breadcrumb\"},\"inLanguage\":\"fr-FR\",\"potentialAction\":[{\"@type\":\"ReadAction\",\"target\":[\"https:\/\/www.iqera.com\/fr\/13382-2\/\"]}]},{\"@type\":\"BreadcrumbList\",\"@id\":\"https:\/\/www.iqera.com\/fr\/13382-2\/#breadcrumb\",\"itemListElement\":[{\"@type\":\"ListItem\",\"position\":1,\"name\":\"Home\",\"item\":\"https:\/\/www.iqera.com\/fr\/\"},{\"@type\":\"ListItem\",\"position\":2,\"name\":\"Paiements s\u00e9curis\u00e9s\"}]},{\"@type\":\"WebSite\",\"@id\":\"https:\/\/www.iqera.com\/fr\/#website\",\"url\":\"https:\/\/www.iqera.com\/fr\/\",\"name\":\"iQera\",\"description\":\"Leader de la relation financi\u00e8re clients\",\"potentialAction\":[{\"@type\":\"SearchAction\",\"target\":{\"@type\":\"EntryPoint\",\"urlTemplate\":\"https:\/\/www.iqera.com\/fr\/?s={search_term_string}\"},\"query-input\":{\"@type\":\"PropertyValueSpecification\",\"valueRequired\":true,\"valueName\":\"search_term_string\"}}],\"inLanguage\":\"fr-FR\"}]}<\/script>\n<!-- \/ Yoast SEO plugin. -->","yoast_head_json":{"title":"Paiements s\u00e9curis\u00e9s - iQera","description":"Page Paiements s\u00e9curis\u00e9s","robots":{"index":"index","follow":"follow","max-snippet":"max-snippet:-1","max-image-preview":"max-image-preview:large","max-video-preview":"max-video-preview:-1"},"canonical":"https:\/\/www.iqera.com\/fr\/13382-2\/","og_locale":"fr_FR","og_type":"article","og_title":"Paiements s\u00e9curis\u00e9s - iQera","og_description":"Page Paiements s\u00e9curis\u00e9s","og_url":"https:\/\/www.iqera.com\/fr\/13382-2\/","og_site_name":"iQera","article_publisher":"https:\/\/www.facebook.com\/iQeraIO","article_modified_time":"2025-11-04T08:39:04+00:00","og_image":[{"width":1200,"height":628,"url":"https:\/\/www.iqera.com\/app\/uploads\/2020\/07\/iqera_1200x628.jpg","type":"image\/jpeg"}],"twitter_card":"summary_large_image","twitter_site":"@iqera_group","twitter_misc":{"Dur\u00e9e de lecture estim\u00e9e":"2 minutes"},"schema":{"@context":"https:\/\/schema.org","@graph":[{"@type":"WebPage","@id":"https:\/\/www.iqera.com\/fr\/13382-2\/","url":"https:\/\/www.iqera.com\/fr\/13382-2\/","name":"Paiements s\u00e9curis\u00e9s - iQera","isPartOf":{"@id":"https:\/\/www.iqera.com\/fr\/#website"},"datePublished":"2025-11-04T08:37:07+00:00","dateModified":"2025-11-04T08:39:04+00:00","description":"Page Paiements s\u00e9curis\u00e9s","breadcrumb":{"@id":"https:\/\/www.iqera.com\/fr\/13382-2\/#breadcrumb"},"inLanguage":"fr-FR","potentialAction":[{"@type":"ReadAction","target":["https:\/\/www.iqera.com\/fr\/13382-2\/"]}]},{"@type":"BreadcrumbList","@id":"https:\/\/www.iqera.com\/fr\/13382-2\/#breadcrumb","itemListElement":[{"@type":"ListItem","position":1,"name":"Home","item":"https:\/\/www.iqera.com\/fr\/"},{"@type":"ListItem","position":2,"name":"Paiements s\u00e9curis\u00e9s"}]},{"@type":"WebSite","@id":"https:\/\/www.iqera.com\/fr\/#website","url":"https:\/\/www.iqera.com\/fr\/","name":"iQera","description":"Leader de la relation financi\u00e8re clients","potentialAction":[{"@type":"SearchAction","target":{"@type":"EntryPoint","urlTemplate":"https:\/\/www.iqera.com\/fr\/?s={search_term_string}"},"query-input":{"@type":"PropertyValueSpecification","valueRequired":true,"valueName":"search_term_string"}}],"inLanguage":"fr-FR"}]}},"_links":{"self":[{"href":"https:\/\/www.iqera.com\/fr\/wp-json\/wp\/v2\/pages\/13382","targetHints":{"allow":["GET"]}}],"collection":[{"href":"https:\/\/www.iqera.com\/fr\/wp-json\/wp\/v2\/pages"}],"about":[{"href":"https:\/\/www.iqera.com\/fr\/wp-json\/wp\/v2\/types\/page"}],"author":[{"embeddable":true,"href":"https:\/\/www.iqera.com\/fr\/wp-json\/wp\/v2\/users\/24"}],"replies":[{"embeddable":true,"href":"https:\/\/www.iqera.com\/fr\/wp-json\/wp\/v2\/comments?post=13382"}],"version-history":[{"count":4,"href":"https:\/\/www.iqera.com\/fr\/wp-json\/wp\/v2\/pages\/13382\/revisions"}],"predecessor-version":[{"id":13386,"href":"https:\/\/www.iqera.com\/fr\/wp-json\/wp\/v2\/pages\/13382\/revisions\/13386"}],"wp:attachment":[{"href":"https:\/\/www.iqera.com\/fr\/wp-json\/wp\/v2\/media?parent=13382"}],"curies":[{"name":"wp","href":"https:\/\/api.w.org\/{rel}","templated":true}]}}