{"id":42,"date":"2019-12-17T17:50:16","date_gmt":"2019-12-17T16:50:16","guid":{"rendered":"https:\/\/www.iqera.com\/?page_id=42"},"modified":"2023-06-06T18:08:03","modified_gmt":"2023-06-06T16:08:03","slug":"connaissance-clients","status":"publish","type":"page","link":"https:\/\/www.iqera.com\/fr\/espace-entreprise\/services\/gestion-acquisition-de-creances\/connaissance-clients\/","title":{"rendered":"Connaissance clients"},"content":{"rendered":"","protected":false},"excerpt":{"rendered":"","protected":false},"author":745,"featured_media":0,"parent":40,"menu_order":0,"comment_status":"closed","ping_status":"closed","template":"views\/template-free-section-page.blade.php","meta":{"_acf_changed":false,"footnotes":""},"class_list":["post-42","page","type-page","status-publish","hentry","website-area-enterprise"],"acf":[],"yoast_head":"<!-- This site is optimized with the Yoast SEO plugin v27.1.1 - https:\/\/yoast.com\/product\/yoast-seo-wordpress\/ -->\n<title>Connaissance clients - iQera<\/title>\n<meta name=\"description\" content=\"iQera vous accompagne dans l&#039;enrichissement de la connaissance clients pour pr\u00e9venir les impay\u00e9s et garantir la r\u00e9tention clients. En savoir plus\u2026\" \/>\n<meta name=\"robots\" content=\"index, follow, max-snippet:-1, max-image-preview:large, max-video-preview:-1\" \/>\n<link rel=\"canonical\" href=\"https:\/\/www.iqera.com\/fr\/espace-entreprise\/services\/gestion-acquisition-de-creances\/connaissance-clients\/\" \/>\n<meta property=\"og:locale\" content=\"fr_FR\" \/>\n<meta property=\"og:type\" content=\"article\" \/>\n<meta property=\"og:title\" content=\"Connaissance clients - iQera\" \/>\n<meta property=\"og:description\" content=\"iQera vous accompagne dans l&#039;enrichissement de la connaissance clients pour pr\u00e9venir les impay\u00e9s et garantir la r\u00e9tention clients. En savoir plus\u2026\" \/>\n<meta property=\"og:url\" content=\"https:\/\/www.iqera.com\/fr\/espace-entreprise\/services\/gestion-acquisition-de-creances\/connaissance-clients\/\" \/>\n<meta property=\"og:site_name\" content=\"iQera\" \/>\n<meta property=\"article:publisher\" content=\"https:\/\/www.facebook.com\/iQeraIO\" \/>\n<meta property=\"article:modified_time\" content=\"2023-06-06T16:08:03+00:00\" \/>\n<meta property=\"og:image\" content=\"https:\/\/www.iqera.com\/app\/uploads\/2020\/07\/iqera_1200x628.jpg\" \/>\n\t<meta property=\"og:image:width\" content=\"1200\" \/>\n\t<meta property=\"og:image:height\" content=\"628\" \/>\n\t<meta property=\"og:image:type\" content=\"image\/jpeg\" \/>\n<meta name=\"twitter:card\" content=\"summary_large_image\" \/>\n<meta name=\"twitter:site\" content=\"@iqera_group\" \/>\n<script type=\"application\/ld+json\" class=\"yoast-schema-graph\">{\"@context\":\"https:\/\/schema.org\",\"@graph\":[{\"@type\":\"WebPage\",\"@id\":\"https:\/\/www.iqera.com\/fr\/espace-entreprise\/services\/gestion-acquisition-de-creances\/connaissance-clients\/\",\"url\":\"https:\/\/www.iqera.com\/fr\/espace-entreprise\/services\/gestion-acquisition-de-creances\/connaissance-clients\/\",\"name\":\"Connaissance clients - iQera\",\"isPartOf\":{\"@id\":\"https:\/\/www.iqera.com\/fr\/#website\"},\"datePublished\":\"2019-12-17T16:50:16+00:00\",\"dateModified\":\"2023-06-06T16:08:03+00:00\",\"description\":\"iQera vous accompagne dans l'enrichissement de la connaissance clients pour pr\u00e9venir les impay\u00e9s et garantir la r\u00e9tention clients. En savoir plus\u2026\",\"breadcrumb\":{\"@id\":\"https:\/\/www.iqera.com\/fr\/espace-entreprise\/services\/gestion-acquisition-de-creances\/connaissance-clients\/#breadcrumb\"},\"inLanguage\":\"fr-FR\",\"potentialAction\":[{\"@type\":\"ReadAction\",\"target\":[\"https:\/\/www.iqera.com\/fr\/espace-entreprise\/services\/gestion-acquisition-de-creances\/connaissance-clients\/\"]}]},{\"@type\":\"BreadcrumbList\",\"@id\":\"https:\/\/www.iqera.com\/fr\/espace-entreprise\/services\/gestion-acquisition-de-creances\/connaissance-clients\/#breadcrumb\",\"itemListElement\":[{\"@type\":\"ListItem\",\"position\":1,\"name\":\"Home\",\"item\":\"https:\/\/www.iqera.com\/fr\/\"},{\"@type\":\"ListItem\",\"position\":2,\"name\":\"Espace Entreprise\",\"item\":\"https:\/\/www.iqera.com\/fr\/espace-entreprise\/\"},{\"@type\":\"ListItem\",\"position\":3,\"name\":\"Services\",\"item\":\"https:\/\/www.iqera.com\/fr\/espace-entreprise\/services\/\"},{\"@type\":\"ListItem\",\"position\":4,\"name\":\"Gestion et acquisitions de cr\u00e9ances\",\"item\":\"https:\/\/www.iqera.com\/fr\/espace-entreprise\/services\/gestion-acquisition-de-creances\/\"},{\"@type\":\"ListItem\",\"position\":5,\"name\":\"Connaissance clients\"}]},{\"@type\":\"WebSite\",\"@id\":\"https:\/\/www.iqera.com\/fr\/#website\",\"url\":\"https:\/\/www.iqera.com\/fr\/\",\"name\":\"iQera\",\"description\":\"Leader de la relation financi\u00e8re clients\",\"potentialAction\":[{\"@type\":\"SearchAction\",\"target\":{\"@type\":\"EntryPoint\",\"urlTemplate\":\"https:\/\/www.iqera.com\/fr\/?s={search_term_string}\"},\"query-input\":{\"@type\":\"PropertyValueSpecification\",\"valueRequired\":true,\"valueName\":\"search_term_string\"}}],\"inLanguage\":\"fr-FR\"}]}<\/script>\n<!-- \/ Yoast SEO plugin. -->","yoast_head_json":{"title":"Connaissance clients - iQera","description":"iQera vous accompagne dans l'enrichissement de la connaissance clients pour pr\u00e9venir les impay\u00e9s et garantir la r\u00e9tention clients. En savoir plus\u2026","robots":{"index":"index","follow":"follow","max-snippet":"max-snippet:-1","max-image-preview":"max-image-preview:large","max-video-preview":"max-video-preview:-1"},"canonical":"https:\/\/www.iqera.com\/fr\/espace-entreprise\/services\/gestion-acquisition-de-creances\/connaissance-clients\/","og_locale":"fr_FR","og_type":"article","og_title":"Connaissance clients - iQera","og_description":"iQera vous accompagne dans l'enrichissement de la connaissance clients pour pr\u00e9venir les impay\u00e9s et garantir la r\u00e9tention clients. En savoir plus\u2026","og_url":"https:\/\/www.iqera.com\/fr\/espace-entreprise\/services\/gestion-acquisition-de-creances\/connaissance-clients\/","og_site_name":"iQera","article_publisher":"https:\/\/www.facebook.com\/iQeraIO","article_modified_time":"2023-06-06T16:08:03+00:00","og_image":[{"width":1200,"height":628,"url":"https:\/\/www.iqera.com\/app\/uploads\/2020\/07\/iqera_1200x628.jpg","type":"image\/jpeg"}],"twitter_card":"summary_large_image","twitter_site":"@iqera_group","schema":{"@context":"https:\/\/schema.org","@graph":[{"@type":"WebPage","@id":"https:\/\/www.iqera.com\/fr\/espace-entreprise\/services\/gestion-acquisition-de-creances\/connaissance-clients\/","url":"https:\/\/www.iqera.com\/fr\/espace-entreprise\/services\/gestion-acquisition-de-creances\/connaissance-clients\/","name":"Connaissance clients - iQera","isPartOf":{"@id":"https:\/\/www.iqera.com\/fr\/#website"},"datePublished":"2019-12-17T16:50:16+00:00","dateModified":"2023-06-06T16:08:03+00:00","description":"iQera vous accompagne dans l'enrichissement de la connaissance clients pour pr\u00e9venir les impay\u00e9s et garantir la r\u00e9tention clients. En savoir plus\u2026","breadcrumb":{"@id":"https:\/\/www.iqera.com\/fr\/espace-entreprise\/services\/gestion-acquisition-de-creances\/connaissance-clients\/#breadcrumb"},"inLanguage":"fr-FR","potentialAction":[{"@type":"ReadAction","target":["https:\/\/www.iqera.com\/fr\/espace-entreprise\/services\/gestion-acquisition-de-creances\/connaissance-clients\/"]}]},{"@type":"BreadcrumbList","@id":"https:\/\/www.iqera.com\/fr\/espace-entreprise\/services\/gestion-acquisition-de-creances\/connaissance-clients\/#breadcrumb","itemListElement":[{"@type":"ListItem","position":1,"name":"Home","item":"https:\/\/www.iqera.com\/fr\/"},{"@type":"ListItem","position":2,"name":"Espace Entreprise","item":"https:\/\/www.iqera.com\/fr\/espace-entreprise\/"},{"@type":"ListItem","position":3,"name":"Services","item":"https:\/\/www.iqera.com\/fr\/espace-entreprise\/services\/"},{"@type":"ListItem","position":4,"name":"Gestion et acquisitions de cr\u00e9ances","item":"https:\/\/www.iqera.com\/fr\/espace-entreprise\/services\/gestion-acquisition-de-creances\/"},{"@type":"ListItem","position":5,"name":"Connaissance clients"}]},{"@type":"WebSite","@id":"https:\/\/www.iqera.com\/fr\/#website","url":"https:\/\/www.iqera.com\/fr\/","name":"iQera","description":"Leader de la relation financi\u00e8re clients","potentialAction":[{"@type":"SearchAction","target":{"@type":"EntryPoint","urlTemplate":"https:\/\/www.iqera.com\/fr\/?s={search_term_string}"},"query-input":{"@type":"PropertyValueSpecification","valueRequired":true,"valueName":"search_term_string"}}],"inLanguage":"fr-FR"}]}},"_links":{"self":[{"href":"https:\/\/www.iqera.com\/fr\/wp-json\/wp\/v2\/pages\/42","targetHints":{"allow":["GET"]}}],"collection":[{"href":"https:\/\/www.iqera.com\/fr\/wp-json\/wp\/v2\/pages"}],"about":[{"href":"https:\/\/www.iqera.com\/fr\/wp-json\/wp\/v2\/types\/page"}],"author":[{"embeddable":true,"href":"https:\/\/www.iqera.com\/fr\/wp-json\/wp\/v2\/users\/745"}],"replies":[{"embeddable":true,"href":"https:\/\/www.iqera.com\/fr\/wp-json\/wp\/v2\/comments?post=42"}],"version-history":[{"count":81,"href":"https:\/\/www.iqera.com\/fr\/wp-json\/wp\/v2\/pages\/42\/revisions"}],"predecessor-version":[{"id":11971,"href":"https:\/\/www.iqera.com\/fr\/wp-json\/wp\/v2\/pages\/42\/revisions\/11971"}],"up":[{"embeddable":true,"href":"https:\/\/www.iqera.com\/fr\/wp-json\/wp\/v2\/pages\/40"}],"wp:attachment":[{"href":"https:\/\/www.iqera.com\/fr\/wp-json\/wp\/v2\/media?parent=42"}],"curies":[{"name":"wp","href":"https:\/\/api.w.org\/{rel}","templated":true}]}}