{"id":48,"date":"2019-12-17T17:51:17","date_gmt":"2019-12-17T16:51:17","guid":{"rendered":"https:\/\/www.iqera.com\/?page_id=48"},"modified":"2023-06-06T18:10:30","modified_gmt":"2023-06-06T16:10:30","slug":"recouvrement-amiable-et-contentieux","status":"publish","type":"page","link":"https:\/\/www.iqera.com\/fr\/espace-entreprise\/services\/gestion-acquisition-de-creances\/recouvrement-amiable-et-contentieux\/","title":{"rendered":"Recouvrement amiable"},"content":{"rendered":"","protected":false},"excerpt":{"rendered":"","protected":false},"author":745,"featured_media":1261,"parent":40,"menu_order":0,"comment_status":"closed","ping_status":"closed","template":"views\/template-free-section-page.blade.php","meta":{"_acf_changed":false,"footnotes":""},"class_list":["post-48","page","type-page","status-publish","has-post-thumbnail","hentry","website-area-enterprise"],"acf":[],"yoast_head":"<!-- This site is optimized with the Yoast SEO plugin v27.4 - https:\/\/yoast.com\/product\/yoast-seo-wordpress\/ -->\n<title>Recouvrement amiable des factures impay\u00e9es - iQera<\/title>\n<meta name=\"description\" content=\"Des experts m\u00e9tiers pour trouver les solutions adapt\u00e9es \u00e0 chaque client et allier satisfaction clients et performance financi\u00e8re.\" \/>\n<meta name=\"robots\" content=\"index, follow, max-snippet:-1, max-image-preview:large, max-video-preview:-1\" \/>\n<link rel=\"canonical\" href=\"https:\/\/www.iqera.com\/fr\/espace-entreprise\/services\/gestion-acquisition-de-creances\/recouvrement-amiable-et-contentieux\/\" \/>\n<meta property=\"og:locale\" content=\"fr_FR\" \/>\n<meta property=\"og:type\" content=\"article\" \/>\n<meta property=\"og:title\" content=\"Recouvrement amiable des factures impay\u00e9es - iQera\" \/>\n<meta property=\"og:description\" content=\"Des experts m\u00e9tiers pour trouver les solutions adapt\u00e9es \u00e0 chaque client et allier satisfaction clients et performance financi\u00e8re.\" \/>\n<meta property=\"og:url\" content=\"https:\/\/www.iqera.com\/fr\/espace-entreprise\/services\/gestion-acquisition-de-creances\/recouvrement-amiable-et-contentieux\/\" \/>\n<meta property=\"og:site_name\" content=\"iQera\" \/>\n<meta property=\"article:publisher\" content=\"https:\/\/www.facebook.com\/iQeraIO\" \/>\n<meta property=\"article:modified_time\" content=\"2023-06-06T16:10:30+00:00\" \/>\n<meta property=\"og:image\" content=\"https:\/\/www.iqera.com\/app\/uploads\/2020\/02\/ecouvrement-amiable-et-contentieux.png\" \/>\n\t<meta property=\"og:image:width\" content=\"1718\" \/>\n\t<meta property=\"og:image:height\" content=\"1004\" \/>\n\t<meta property=\"og:image:type\" content=\"image\/png\" \/>\n<meta name=\"twitter:card\" content=\"summary_large_image\" \/>\n<meta name=\"twitter:site\" content=\"@iqera_group\" \/>\n<script type=\"application\/ld+json\" class=\"yoast-schema-graph\">{\"@context\":\"https:\\\/\\\/schema.org\",\"@graph\":[{\"@type\":\"WebPage\",\"@id\":\"https:\\\/\\\/www.iqera.com\\\/fr\\\/espace-entreprise\\\/services\\\/gestion-acquisition-de-creances\\\/recouvrement-amiable-et-contentieux\\\/\",\"url\":\"https:\\\/\\\/www.iqera.com\\\/fr\\\/espace-entreprise\\\/services\\\/gestion-acquisition-de-creances\\\/recouvrement-amiable-et-contentieux\\\/\",\"name\":\"Recouvrement amiable des factures impay\u00e9es - iQera\",\"isPartOf\":{\"@id\":\"https:\\\/\\\/www.iqera.com\\\/fr\\\/#website\"},\"primaryImageOfPage\":{\"@id\":\"https:\\\/\\\/www.iqera.com\\\/fr\\\/espace-entreprise\\\/services\\\/gestion-acquisition-de-creances\\\/recouvrement-amiable-et-contentieux\\\/#primaryimage\"},\"image\":{\"@id\":\"https:\\\/\\\/www.iqera.com\\\/fr\\\/espace-entreprise\\\/services\\\/gestion-acquisition-de-creances\\\/recouvrement-amiable-et-contentieux\\\/#primaryimage\"},\"thumbnailUrl\":\"https:\\\/\\\/www.iqera.com\\\/app\\\/uploads\\\/2020\\\/02\\\/ecouvrement-amiable-et-contentieux.png\",\"datePublished\":\"2019-12-17T16:51:17+00:00\",\"dateModified\":\"2023-06-06T16:10:30+00:00\",\"description\":\"Des experts m\u00e9tiers pour trouver les solutions adapt\u00e9es \u00e0 chaque client et allier satisfaction clients et performance financi\u00e8re.\",\"breadcrumb\":{\"@id\":\"https:\\\/\\\/www.iqera.com\\\/fr\\\/espace-entreprise\\\/services\\\/gestion-acquisition-de-creances\\\/recouvrement-amiable-et-contentieux\\\/#breadcrumb\"},\"inLanguage\":\"fr-FR\",\"potentialAction\":[{\"@type\":\"ReadAction\",\"target\":[\"https:\\\/\\\/www.iqera.com\\\/fr\\\/espace-entreprise\\\/services\\\/gestion-acquisition-de-creances\\\/recouvrement-amiable-et-contentieux\\\/\"]}]},{\"@type\":\"ImageObject\",\"inLanguage\":\"fr-FR\",\"@id\":\"https:\\\/\\\/www.iqera.com\\\/fr\\\/espace-entreprise\\\/services\\\/gestion-acquisition-de-creances\\\/recouvrement-amiable-et-contentieux\\\/#primaryimage\",\"url\":\"https:\\\/\\\/www.iqera.com\\\/app\\\/uploads\\\/2020\\\/02\\\/ecouvrement-amiable-et-contentieux.png\",\"contentUrl\":\"https:\\\/\\\/www.iqera.com\\\/app\\\/uploads\\\/2020\\\/02\\\/ecouvrement-amiable-et-contentieux.png\",\"width\":1718,\"height\":1004,\"caption\":\"homme et casque de musique\"},{\"@type\":\"BreadcrumbList\",\"@id\":\"https:\\\/\\\/www.iqera.com\\\/fr\\\/espace-entreprise\\\/services\\\/gestion-acquisition-de-creances\\\/recouvrement-amiable-et-contentieux\\\/#breadcrumb\",\"itemListElement\":[{\"@type\":\"ListItem\",\"position\":1,\"name\":\"Home\",\"item\":\"https:\\\/\\\/www.iqera.com\\\/fr\\\/\"},{\"@type\":\"ListItem\",\"position\":2,\"name\":\"Espace Entreprise\",\"item\":\"https:\\\/\\\/www.iqera.com\\\/fr\\\/espace-entreprise\\\/\"},{\"@type\":\"ListItem\",\"position\":3,\"name\":\"Services\",\"item\":\"https:\\\/\\\/www.iqera.com\\\/fr\\\/espace-entreprise\\\/services\\\/\"},{\"@type\":\"ListItem\",\"position\":4,\"name\":\"Gestion et acquisitions de cr\u00e9ances\",\"item\":\"https:\\\/\\\/www.iqera.com\\\/fr\\\/espace-entreprise\\\/services\\\/gestion-acquisition-de-creances\\\/\"},{\"@type\":\"ListItem\",\"position\":5,\"name\":\"Recouvrement amiable\"}]},{\"@type\":\"WebSite\",\"@id\":\"https:\\\/\\\/www.iqera.com\\\/fr\\\/#website\",\"url\":\"https:\\\/\\\/www.iqera.com\\\/fr\\\/\",\"name\":\"iQera\",\"description\":\"Leader de la relation financi\u00e8re clients\",\"potentialAction\":[{\"@type\":\"SearchAction\",\"target\":{\"@type\":\"EntryPoint\",\"urlTemplate\":\"https:\\\/\\\/www.iqera.com\\\/fr\\\/?s={search_term_string}\"},\"query-input\":{\"@type\":\"PropertyValueSpecification\",\"valueRequired\":true,\"valueName\":\"search_term_string\"}}],\"inLanguage\":\"fr-FR\"}]}<\/script>\n<!-- \/ Yoast SEO plugin. -->","yoast_head_json":{"title":"Recouvrement amiable des factures impay\u00e9es - iQera","description":"Des experts m\u00e9tiers pour trouver les solutions adapt\u00e9es \u00e0 chaque client et allier satisfaction clients et performance financi\u00e8re.","robots":{"index":"index","follow":"follow","max-snippet":"max-snippet:-1","max-image-preview":"max-image-preview:large","max-video-preview":"max-video-preview:-1"},"canonical":"https:\/\/www.iqera.com\/fr\/espace-entreprise\/services\/gestion-acquisition-de-creances\/recouvrement-amiable-et-contentieux\/","og_locale":"fr_FR","og_type":"article","og_title":"Recouvrement amiable des factures impay\u00e9es - iQera","og_description":"Des experts m\u00e9tiers pour trouver les solutions adapt\u00e9es \u00e0 chaque client et allier satisfaction clients et performance financi\u00e8re.","og_url":"https:\/\/www.iqera.com\/fr\/espace-entreprise\/services\/gestion-acquisition-de-creances\/recouvrement-amiable-et-contentieux\/","og_site_name":"iQera","article_publisher":"https:\/\/www.facebook.com\/iQeraIO","article_modified_time":"2023-06-06T16:10:30+00:00","og_image":[{"width":1718,"height":1004,"url":"https:\/\/www.iqera.com\/app\/uploads\/2020\/02\/ecouvrement-amiable-et-contentieux.png","type":"image\/png"}],"twitter_card":"summary_large_image","twitter_site":"@iqera_group","schema":{"@context":"https:\/\/schema.org","@graph":[{"@type":"WebPage","@id":"https:\/\/www.iqera.com\/fr\/espace-entreprise\/services\/gestion-acquisition-de-creances\/recouvrement-amiable-et-contentieux\/","url":"https:\/\/www.iqera.com\/fr\/espace-entreprise\/services\/gestion-acquisition-de-creances\/recouvrement-amiable-et-contentieux\/","name":"Recouvrement amiable des factures impay\u00e9es - iQera","isPartOf":{"@id":"https:\/\/www.iqera.com\/fr\/#website"},"primaryImageOfPage":{"@id":"https:\/\/www.iqera.com\/fr\/espace-entreprise\/services\/gestion-acquisition-de-creances\/recouvrement-amiable-et-contentieux\/#primaryimage"},"image":{"@id":"https:\/\/www.iqera.com\/fr\/espace-entreprise\/services\/gestion-acquisition-de-creances\/recouvrement-amiable-et-contentieux\/#primaryimage"},"thumbnailUrl":"https:\/\/www.iqera.com\/app\/uploads\/2020\/02\/ecouvrement-amiable-et-contentieux.png","datePublished":"2019-12-17T16:51:17+00:00","dateModified":"2023-06-06T16:10:30+00:00","description":"Des experts m\u00e9tiers pour trouver les solutions adapt\u00e9es \u00e0 chaque client et allier satisfaction clients et performance financi\u00e8re.","breadcrumb":{"@id":"https:\/\/www.iqera.com\/fr\/espace-entreprise\/services\/gestion-acquisition-de-creances\/recouvrement-amiable-et-contentieux\/#breadcrumb"},"inLanguage":"fr-FR","potentialAction":[{"@type":"ReadAction","target":["https:\/\/www.iqera.com\/fr\/espace-entreprise\/services\/gestion-acquisition-de-creances\/recouvrement-amiable-et-contentieux\/"]}]},{"@type":"ImageObject","inLanguage":"fr-FR","@id":"https:\/\/www.iqera.com\/fr\/espace-entreprise\/services\/gestion-acquisition-de-creances\/recouvrement-amiable-et-contentieux\/#primaryimage","url":"https:\/\/www.iqera.com\/app\/uploads\/2020\/02\/ecouvrement-amiable-et-contentieux.png","contentUrl":"https:\/\/www.iqera.com\/app\/uploads\/2020\/02\/ecouvrement-amiable-et-contentieux.png","width":1718,"height":1004,"caption":"homme et casque de musique"},{"@type":"BreadcrumbList","@id":"https:\/\/www.iqera.com\/fr\/espace-entreprise\/services\/gestion-acquisition-de-creances\/recouvrement-amiable-et-contentieux\/#breadcrumb","itemListElement":[{"@type":"ListItem","position":1,"name":"Home","item":"https:\/\/www.iqera.com\/fr\/"},{"@type":"ListItem","position":2,"name":"Espace Entreprise","item":"https:\/\/www.iqera.com\/fr\/espace-entreprise\/"},{"@type":"ListItem","position":3,"name":"Services","item":"https:\/\/www.iqera.com\/fr\/espace-entreprise\/services\/"},{"@type":"ListItem","position":4,"name":"Gestion et acquisitions de cr\u00e9ances","item":"https:\/\/www.iqera.com\/fr\/espace-entreprise\/services\/gestion-acquisition-de-creances\/"},{"@type":"ListItem","position":5,"name":"Recouvrement amiable"}]},{"@type":"WebSite","@id":"https:\/\/www.iqera.com\/fr\/#website","url":"https:\/\/www.iqera.com\/fr\/","name":"iQera","description":"Leader de la relation financi\u00e8re clients","potentialAction":[{"@type":"SearchAction","target":{"@type":"EntryPoint","urlTemplate":"https:\/\/www.iqera.com\/fr\/?s={search_term_string}"},"query-input":{"@type":"PropertyValueSpecification","valueRequired":true,"valueName":"search_term_string"}}],"inLanguage":"fr-FR"}]}},"_links":{"self":[{"href":"https:\/\/www.iqera.com\/fr\/wp-json\/wp\/v2\/pages\/48","targetHints":{"allow":["GET"]}}],"collection":[{"href":"https:\/\/www.iqera.com\/fr\/wp-json\/wp\/v2\/pages"}],"about":[{"href":"https:\/\/www.iqera.com\/fr\/wp-json\/wp\/v2\/types\/page"}],"author":[{"embeddable":true,"href":"https:\/\/www.iqera.com\/fr\/wp-json\/wp\/v2\/users\/745"}],"replies":[{"embeddable":true,"href":"https:\/\/www.iqera.com\/fr\/wp-json\/wp\/v2\/comments?post=48"}],"version-history":[{"count":60,"href":"https:\/\/www.iqera.com\/fr\/wp-json\/wp\/v2\/pages\/48\/revisions"}],"predecessor-version":[{"id":11974,"href":"https:\/\/www.iqera.com\/fr\/wp-json\/wp\/v2\/pages\/48\/revisions\/11974"}],"up":[{"embeddable":true,"href":"https:\/\/www.iqera.com\/fr\/wp-json\/wp\/v2\/pages\/40"}],"wp:featuredmedia":[{"embeddable":true,"href":"https:\/\/www.iqera.com\/fr\/wp-json\/wp\/v2\/media\/1261"}],"wp:attachment":[{"href":"https:\/\/www.iqera.com\/fr\/wp-json\/wp\/v2\/media?parent=48"}],"curies":[{"name":"wp","href":"https:\/\/api.w.org\/{rel}","templated":true}]}}