{"id":50,"date":"2019-12-17T17:51:35","date_gmt":"2019-12-17T16:51:35","guid":{"rendered":"https:\/\/www.iqera.com\/?page_id=50"},"modified":"2023-06-06T18:11:21","modified_gmt":"2023-06-06T16:11:21","slug":"recouvrement-judiciaire","status":"publish","type":"page","link":"https:\/\/www.iqera.com\/fr\/espace-entreprise\/services\/gestion-acquisition-de-creances\/recouvrement-judiciaire\/","title":{"rendered":"Recouvrement judiciaire"},"content":{"rendered":"","protected":false},"excerpt":{"rendered":"","protected":false},"author":745,"featured_media":1269,"parent":40,"menu_order":0,"comment_status":"closed","ping_status":"closed","template":"views\/template-free-section-page.blade.php","meta":{"_acf_changed":false,"footnotes":""},"class_list":["post-50","page","type-page","status-publish","has-post-thumbnail","hentry","website-area-enterprise"],"acf":[],"yoast_head":"<!-- This site is optimized with the Yoast SEO plugin v27.1.1 - https:\/\/yoast.com\/product\/yoast-seo-wordpress\/ -->\n<title>Recouvrement de dettes par voie judiciaire - iQera<\/title>\n<meta name=\"description\" content=\"Faites confiance \u00e0 iQera, r\u00e9f\u00e9rence du secteur, pour votre recouvrement judiciaire et la s\u00e9curisation de vos encours.\" \/>\n<meta name=\"robots\" content=\"index, follow, max-snippet:-1, max-image-preview:large, max-video-preview:-1\" \/>\n<link rel=\"canonical\" href=\"https:\/\/www.iqera.com\/fr\/espace-entreprise\/services\/gestion-acquisition-de-creances\/recouvrement-judiciaire\/\" \/>\n<meta property=\"og:locale\" content=\"fr_FR\" \/>\n<meta property=\"og:type\" content=\"article\" \/>\n<meta property=\"og:title\" content=\"Recouvrement de dettes par voie judiciaire - iQera\" \/>\n<meta property=\"og:description\" content=\"Faites confiance \u00e0 iQera, r\u00e9f\u00e9rence du secteur, pour votre recouvrement judiciaire et la s\u00e9curisation de vos encours.\" \/>\n<meta property=\"og:url\" content=\"https:\/\/www.iqera.com\/fr\/espace-entreprise\/services\/gestion-acquisition-de-creances\/recouvrement-judiciaire\/\" \/>\n<meta property=\"og:site_name\" content=\"iQera\" \/>\n<meta property=\"article:publisher\" content=\"https:\/\/www.facebook.com\/iQeraIO\" \/>\n<meta property=\"article:modified_time\" content=\"2023-06-06T16:11:21+00:00\" \/>\n<meta property=\"og:image\" content=\"https:\/\/www.iqera.com\/app\/uploads\/2020\/02\/ecouvrement-judiciaire-1.jpg\" \/>\n\t<meta property=\"og:image:width\" content=\"1920\" \/>\n\t<meta property=\"og:image:height\" content=\"1311\" \/>\n\t<meta property=\"og:image:type\" content=\"image\/jpeg\" \/>\n<meta name=\"twitter:card\" content=\"summary_large_image\" \/>\n<meta name=\"twitter:site\" content=\"@iqera_group\" \/>\n<script type=\"application\/ld+json\" class=\"yoast-schema-graph\">{\"@context\":\"https:\/\/schema.org\",\"@graph\":[{\"@type\":\"WebPage\",\"@id\":\"https:\/\/www.iqera.com\/fr\/espace-entreprise\/services\/gestion-acquisition-de-creances\/recouvrement-judiciaire\/\",\"url\":\"https:\/\/www.iqera.com\/fr\/espace-entreprise\/services\/gestion-acquisition-de-creances\/recouvrement-judiciaire\/\",\"name\":\"Recouvrement de dettes par voie judiciaire - iQera\",\"isPartOf\":{\"@id\":\"https:\/\/www.iqera.com\/fr\/#website\"},\"primaryImageOfPage\":{\"@id\":\"https:\/\/www.iqera.com\/fr\/espace-entreprise\/services\/gestion-acquisition-de-creances\/recouvrement-judiciaire\/#primaryimage\"},\"image\":{\"@id\":\"https:\/\/www.iqera.com\/fr\/espace-entreprise\/services\/gestion-acquisition-de-creances\/recouvrement-judiciaire\/#primaryimage\"},\"thumbnailUrl\":\"https:\/\/www.iqera.com\/app\/uploads\/2020\/02\/ecouvrement-judiciaire-1.jpg\",\"datePublished\":\"2019-12-17T16:51:35+00:00\",\"dateModified\":\"2023-06-06T16:11:21+00:00\",\"description\":\"Faites confiance \u00e0 iQera, r\u00e9f\u00e9rence du secteur, pour votre recouvrement judiciaire et la s\u00e9curisation de vos encours.\",\"breadcrumb\":{\"@id\":\"https:\/\/www.iqera.com\/fr\/espace-entreprise\/services\/gestion-acquisition-de-creances\/recouvrement-judiciaire\/#breadcrumb\"},\"inLanguage\":\"fr-FR\",\"potentialAction\":[{\"@type\":\"ReadAction\",\"target\":[\"https:\/\/www.iqera.com\/fr\/espace-entreprise\/services\/gestion-acquisition-de-creances\/recouvrement-judiciaire\/\"]}]},{\"@type\":\"ImageObject\",\"inLanguage\":\"fr-FR\",\"@id\":\"https:\/\/www.iqera.com\/fr\/espace-entreprise\/services\/gestion-acquisition-de-creances\/recouvrement-judiciaire\/#primaryimage\",\"url\":\"https:\/\/www.iqera.com\/app\/uploads\/2020\/02\/ecouvrement-judiciaire-1.jpg\",\"contentUrl\":\"https:\/\/www.iqera.com\/app\/uploads\/2020\/02\/ecouvrement-judiciaire-1.jpg\",\"width\":1920,\"height\":1311},{\"@type\":\"BreadcrumbList\",\"@id\":\"https:\/\/www.iqera.com\/fr\/espace-entreprise\/services\/gestion-acquisition-de-creances\/recouvrement-judiciaire\/#breadcrumb\",\"itemListElement\":[{\"@type\":\"ListItem\",\"position\":1,\"name\":\"Home\",\"item\":\"https:\/\/www.iqera.com\/fr\/\"},{\"@type\":\"ListItem\",\"position\":2,\"name\":\"Espace Entreprise\",\"item\":\"https:\/\/www.iqera.com\/fr\/espace-entreprise\/\"},{\"@type\":\"ListItem\",\"position\":3,\"name\":\"Services\",\"item\":\"https:\/\/www.iqera.com\/fr\/espace-entreprise\/services\/\"},{\"@type\":\"ListItem\",\"position\":4,\"name\":\"Gestion et acquisitions de cr\u00e9ances\",\"item\":\"https:\/\/www.iqera.com\/fr\/espace-entreprise\/services\/gestion-acquisition-de-creances\/\"},{\"@type\":\"ListItem\",\"position\":5,\"name\":\"Recouvrement judiciaire\"}]},{\"@type\":\"WebSite\",\"@id\":\"https:\/\/www.iqera.com\/fr\/#website\",\"url\":\"https:\/\/www.iqera.com\/fr\/\",\"name\":\"iQera\",\"description\":\"Leader de la relation financi\u00e8re clients\",\"potentialAction\":[{\"@type\":\"SearchAction\",\"target\":{\"@type\":\"EntryPoint\",\"urlTemplate\":\"https:\/\/www.iqera.com\/fr\/?s={search_term_string}\"},\"query-input\":{\"@type\":\"PropertyValueSpecification\",\"valueRequired\":true,\"valueName\":\"search_term_string\"}}],\"inLanguage\":\"fr-FR\"}]}<\/script>\n<!-- \/ Yoast SEO plugin. -->","yoast_head_json":{"title":"Recouvrement de dettes par voie judiciaire - iQera","description":"Faites confiance \u00e0 iQera, r\u00e9f\u00e9rence du secteur, pour votre recouvrement judiciaire et la s\u00e9curisation de vos encours.","robots":{"index":"index","follow":"follow","max-snippet":"max-snippet:-1","max-image-preview":"max-image-preview:large","max-video-preview":"max-video-preview:-1"},"canonical":"https:\/\/www.iqera.com\/fr\/espace-entreprise\/services\/gestion-acquisition-de-creances\/recouvrement-judiciaire\/","og_locale":"fr_FR","og_type":"article","og_title":"Recouvrement de dettes par voie judiciaire - iQera","og_description":"Faites confiance \u00e0 iQera, r\u00e9f\u00e9rence du secteur, pour votre recouvrement judiciaire et la s\u00e9curisation de vos encours.","og_url":"https:\/\/www.iqera.com\/fr\/espace-entreprise\/services\/gestion-acquisition-de-creances\/recouvrement-judiciaire\/","og_site_name":"iQera","article_publisher":"https:\/\/www.facebook.com\/iQeraIO","article_modified_time":"2023-06-06T16:11:21+00:00","og_image":[{"width":1920,"height":1311,"url":"https:\/\/www.iqera.com\/app\/uploads\/2020\/02\/ecouvrement-judiciaire-1.jpg","type":"image\/jpeg"}],"twitter_card":"summary_large_image","twitter_site":"@iqera_group","schema":{"@context":"https:\/\/schema.org","@graph":[{"@type":"WebPage","@id":"https:\/\/www.iqera.com\/fr\/espace-entreprise\/services\/gestion-acquisition-de-creances\/recouvrement-judiciaire\/","url":"https:\/\/www.iqera.com\/fr\/espace-entreprise\/services\/gestion-acquisition-de-creances\/recouvrement-judiciaire\/","name":"Recouvrement de dettes par voie judiciaire - iQera","isPartOf":{"@id":"https:\/\/www.iqera.com\/fr\/#website"},"primaryImageOfPage":{"@id":"https:\/\/www.iqera.com\/fr\/espace-entreprise\/services\/gestion-acquisition-de-creances\/recouvrement-judiciaire\/#primaryimage"},"image":{"@id":"https:\/\/www.iqera.com\/fr\/espace-entreprise\/services\/gestion-acquisition-de-creances\/recouvrement-judiciaire\/#primaryimage"},"thumbnailUrl":"https:\/\/www.iqera.com\/app\/uploads\/2020\/02\/ecouvrement-judiciaire-1.jpg","datePublished":"2019-12-17T16:51:35+00:00","dateModified":"2023-06-06T16:11:21+00:00","description":"Faites confiance \u00e0 iQera, r\u00e9f\u00e9rence du secteur, pour votre recouvrement judiciaire et la s\u00e9curisation de vos encours.","breadcrumb":{"@id":"https:\/\/www.iqera.com\/fr\/espace-entreprise\/services\/gestion-acquisition-de-creances\/recouvrement-judiciaire\/#breadcrumb"},"inLanguage":"fr-FR","potentialAction":[{"@type":"ReadAction","target":["https:\/\/www.iqera.com\/fr\/espace-entreprise\/services\/gestion-acquisition-de-creances\/recouvrement-judiciaire\/"]}]},{"@type":"ImageObject","inLanguage":"fr-FR","@id":"https:\/\/www.iqera.com\/fr\/espace-entreprise\/services\/gestion-acquisition-de-creances\/recouvrement-judiciaire\/#primaryimage","url":"https:\/\/www.iqera.com\/app\/uploads\/2020\/02\/ecouvrement-judiciaire-1.jpg","contentUrl":"https:\/\/www.iqera.com\/app\/uploads\/2020\/02\/ecouvrement-judiciaire-1.jpg","width":1920,"height":1311},{"@type":"BreadcrumbList","@id":"https:\/\/www.iqera.com\/fr\/espace-entreprise\/services\/gestion-acquisition-de-creances\/recouvrement-judiciaire\/#breadcrumb","itemListElement":[{"@type":"ListItem","position":1,"name":"Home","item":"https:\/\/www.iqera.com\/fr\/"},{"@type":"ListItem","position":2,"name":"Espace Entreprise","item":"https:\/\/www.iqera.com\/fr\/espace-entreprise\/"},{"@type":"ListItem","position":3,"name":"Services","item":"https:\/\/www.iqera.com\/fr\/espace-entreprise\/services\/"},{"@type":"ListItem","position":4,"name":"Gestion et acquisitions de cr\u00e9ances","item":"https:\/\/www.iqera.com\/fr\/espace-entreprise\/services\/gestion-acquisition-de-creances\/"},{"@type":"ListItem","position":5,"name":"Recouvrement judiciaire"}]},{"@type":"WebSite","@id":"https:\/\/www.iqera.com\/fr\/#website","url":"https:\/\/www.iqera.com\/fr\/","name":"iQera","description":"Leader de la relation financi\u00e8re clients","potentialAction":[{"@type":"SearchAction","target":{"@type":"EntryPoint","urlTemplate":"https:\/\/www.iqera.com\/fr\/?s={search_term_string}"},"query-input":{"@type":"PropertyValueSpecification","valueRequired":true,"valueName":"search_term_string"}}],"inLanguage":"fr-FR"}]}},"_links":{"self":[{"href":"https:\/\/www.iqera.com\/fr\/wp-json\/wp\/v2\/pages\/50","targetHints":{"allow":["GET"]}}],"collection":[{"href":"https:\/\/www.iqera.com\/fr\/wp-json\/wp\/v2\/pages"}],"about":[{"href":"https:\/\/www.iqera.com\/fr\/wp-json\/wp\/v2\/types\/page"}],"author":[{"embeddable":true,"href":"https:\/\/www.iqera.com\/fr\/wp-json\/wp\/v2\/users\/745"}],"replies":[{"embeddable":true,"href":"https:\/\/www.iqera.com\/fr\/wp-json\/wp\/v2\/comments?post=50"}],"version-history":[{"count":45,"href":"https:\/\/www.iqera.com\/fr\/wp-json\/wp\/v2\/pages\/50\/revisions"}],"predecessor-version":[{"id":11975,"href":"https:\/\/www.iqera.com\/fr\/wp-json\/wp\/v2\/pages\/50\/revisions\/11975"}],"up":[{"embeddable":true,"href":"https:\/\/www.iqera.com\/fr\/wp-json\/wp\/v2\/pages\/40"}],"wp:featuredmedia":[{"embeddable":true,"href":"https:\/\/www.iqera.com\/fr\/wp-json\/wp\/v2\/media\/1269"}],"wp:attachment":[{"href":"https:\/\/www.iqera.com\/fr\/wp-json\/wp\/v2\/media?parent=50"}],"curies":[{"name":"wp","href":"https:\/\/api.w.org\/{rel}","templated":true}]}}