{"id":52,"date":"2019-12-17T17:51:57","date_gmt":"2019-12-17T16:51:57","guid":{"rendered":"https:\/\/www.iqera.com\/?page_id=52"},"modified":"2023-06-06T18:12:03","modified_gmt":"2023-06-06T16:12:03","slug":"valorisation-des-portefeuilles","status":"publish","type":"page","link":"https:\/\/www.iqera.com\/fr\/espace-entreprise\/services\/gestion-acquisition-de-creances\/valorisation-des-portefeuilles\/","title":{"rendered":"Valorisation des portefeuilles"},"content":{"rendered":"","protected":false},"excerpt":{"rendered":"","protected":false},"author":745,"featured_media":1276,"parent":40,"menu_order":0,"comment_status":"closed","ping_status":"closed","template":"views\/template-free-section-page.blade.php","meta":{"_acf_changed":false,"footnotes":""},"class_list":["post-52","page","type-page","status-publish","has-post-thumbnail","hentry","website-area-enterprise"],"acf":[],"yoast_head":"<!-- This site is optimized with the Yoast SEO plugin v27.1.1 - https:\/\/yoast.com\/product\/yoast-seo-wordpress\/ -->\n<title>Valorisation des portefeuilles - iQera<\/title>\n<meta name=\"description\" content=\"iQera accompagne les entreprises et institutions financi\u00e8res dans leurs op\u00e9rations de cessions de cr\u00e9ances depuis plus de 30 ans. En savoir plus...\" \/>\n<meta name=\"robots\" content=\"index, follow, max-snippet:-1, max-image-preview:large, max-video-preview:-1\" \/>\n<link rel=\"canonical\" href=\"https:\/\/www.iqera.com\/fr\/espace-entreprise\/services\/gestion-acquisition-de-creances\/valorisation-des-portefeuilles\/\" \/>\n<meta property=\"og:locale\" content=\"fr_FR\" \/>\n<meta property=\"og:type\" content=\"article\" \/>\n<meta property=\"og:title\" content=\"Valorisation des portefeuilles - iQera\" \/>\n<meta property=\"og:description\" content=\"iQera accompagne les entreprises et institutions financi\u00e8res dans leurs op\u00e9rations de cessions de cr\u00e9ances depuis plus de 30 ans. En savoir plus...\" \/>\n<meta property=\"og:url\" content=\"https:\/\/www.iqera.com\/fr\/espace-entreprise\/services\/gestion-acquisition-de-creances\/valorisation-des-portefeuilles\/\" \/>\n<meta property=\"og:site_name\" content=\"iQera\" \/>\n<meta property=\"article:publisher\" content=\"https:\/\/www.facebook.com\/iQeraIO\" \/>\n<meta property=\"article:modified_time\" content=\"2023-06-06T16:12:03+00:00\" \/>\n<meta property=\"og:image\" content=\"https:\/\/www.iqera.com\/app\/uploads\/2020\/02\/ecouvrement-judiciaire-2.jpg\" \/>\n\t<meta property=\"og:image:width\" content=\"1920\" \/>\n\t<meta property=\"og:image:height\" content=\"1311\" \/>\n\t<meta property=\"og:image:type\" content=\"image\/jpeg\" \/>\n<meta name=\"twitter:card\" content=\"summary_large_image\" \/>\n<meta name=\"twitter:site\" content=\"@iqera_group\" \/>\n<script type=\"application\/ld+json\" class=\"yoast-schema-graph\">{\"@context\":\"https:\/\/schema.org\",\"@graph\":[{\"@type\":\"WebPage\",\"@id\":\"https:\/\/www.iqera.com\/fr\/espace-entreprise\/services\/gestion-acquisition-de-creances\/valorisation-des-portefeuilles\/\",\"url\":\"https:\/\/www.iqera.com\/fr\/espace-entreprise\/services\/gestion-acquisition-de-creances\/valorisation-des-portefeuilles\/\",\"name\":\"Valorisation des portefeuilles - iQera\",\"isPartOf\":{\"@id\":\"https:\/\/www.iqera.com\/fr\/#website\"},\"primaryImageOfPage\":{\"@id\":\"https:\/\/www.iqera.com\/fr\/espace-entreprise\/services\/gestion-acquisition-de-creances\/valorisation-des-portefeuilles\/#primaryimage\"},\"image\":{\"@id\":\"https:\/\/www.iqera.com\/fr\/espace-entreprise\/services\/gestion-acquisition-de-creances\/valorisation-des-portefeuilles\/#primaryimage\"},\"thumbnailUrl\":\"https:\/\/www.iqera.com\/app\/uploads\/2020\/02\/ecouvrement-judiciaire-2.jpg\",\"datePublished\":\"2019-12-17T16:51:57+00:00\",\"dateModified\":\"2023-06-06T16:12:03+00:00\",\"description\":\"iQera accompagne les entreprises et institutions financi\u00e8res dans leurs op\u00e9rations de cessions de cr\u00e9ances depuis plus de 30 ans. En savoir plus...\",\"breadcrumb\":{\"@id\":\"https:\/\/www.iqera.com\/fr\/espace-entreprise\/services\/gestion-acquisition-de-creances\/valorisation-des-portefeuilles\/#breadcrumb\"},\"inLanguage\":\"fr-FR\",\"potentialAction\":[{\"@type\":\"ReadAction\",\"target\":[\"https:\/\/www.iqera.com\/fr\/espace-entreprise\/services\/gestion-acquisition-de-creances\/valorisation-des-portefeuilles\/\"]}]},{\"@type\":\"ImageObject\",\"inLanguage\":\"fr-FR\",\"@id\":\"https:\/\/www.iqera.com\/fr\/espace-entreprise\/services\/gestion-acquisition-de-creances\/valorisation-des-portefeuilles\/#primaryimage\",\"url\":\"https:\/\/www.iqera.com\/app\/uploads\/2020\/02\/ecouvrement-judiciaire-2.jpg\",\"contentUrl\":\"https:\/\/www.iqera.com\/app\/uploads\/2020\/02\/ecouvrement-judiciaire-2.jpg\",\"width\":1920,\"height\":1311},{\"@type\":\"BreadcrumbList\",\"@id\":\"https:\/\/www.iqera.com\/fr\/espace-entreprise\/services\/gestion-acquisition-de-creances\/valorisation-des-portefeuilles\/#breadcrumb\",\"itemListElement\":[{\"@type\":\"ListItem\",\"position\":1,\"name\":\"Home\",\"item\":\"https:\/\/www.iqera.com\/fr\/\"},{\"@type\":\"ListItem\",\"position\":2,\"name\":\"Espace Entreprise\",\"item\":\"https:\/\/www.iqera.com\/fr\/espace-entreprise\/\"},{\"@type\":\"ListItem\",\"position\":3,\"name\":\"Services\",\"item\":\"https:\/\/www.iqera.com\/fr\/espace-entreprise\/services\/\"},{\"@type\":\"ListItem\",\"position\":4,\"name\":\"Gestion et acquisitions de cr\u00e9ances\",\"item\":\"https:\/\/www.iqera.com\/fr\/espace-entreprise\/services\/gestion-acquisition-de-creances\/\"},{\"@type\":\"ListItem\",\"position\":5,\"name\":\"Valorisation des portefeuilles\"}]},{\"@type\":\"WebSite\",\"@id\":\"https:\/\/www.iqera.com\/fr\/#website\",\"url\":\"https:\/\/www.iqera.com\/fr\/\",\"name\":\"iQera\",\"description\":\"Leader de la relation financi\u00e8re clients\",\"potentialAction\":[{\"@type\":\"SearchAction\",\"target\":{\"@type\":\"EntryPoint\",\"urlTemplate\":\"https:\/\/www.iqera.com\/fr\/?s={search_term_string}\"},\"query-input\":{\"@type\":\"PropertyValueSpecification\",\"valueRequired\":true,\"valueName\":\"search_term_string\"}}],\"inLanguage\":\"fr-FR\"}]}<\/script>\n<!-- \/ Yoast SEO plugin. -->","yoast_head_json":{"title":"Valorisation des portefeuilles - iQera","description":"iQera accompagne les entreprises et institutions financi\u00e8res dans leurs op\u00e9rations de cessions de cr\u00e9ances depuis plus de 30 ans. En savoir plus...","robots":{"index":"index","follow":"follow","max-snippet":"max-snippet:-1","max-image-preview":"max-image-preview:large","max-video-preview":"max-video-preview:-1"},"canonical":"https:\/\/www.iqera.com\/fr\/espace-entreprise\/services\/gestion-acquisition-de-creances\/valorisation-des-portefeuilles\/","og_locale":"fr_FR","og_type":"article","og_title":"Valorisation des portefeuilles - iQera","og_description":"iQera accompagne les entreprises et institutions financi\u00e8res dans leurs op\u00e9rations de cessions de cr\u00e9ances depuis plus de 30 ans. En savoir plus...","og_url":"https:\/\/www.iqera.com\/fr\/espace-entreprise\/services\/gestion-acquisition-de-creances\/valorisation-des-portefeuilles\/","og_site_name":"iQera","article_publisher":"https:\/\/www.facebook.com\/iQeraIO","article_modified_time":"2023-06-06T16:12:03+00:00","og_image":[{"width":1920,"height":1311,"url":"https:\/\/www.iqera.com\/app\/uploads\/2020\/02\/ecouvrement-judiciaire-2.jpg","type":"image\/jpeg"}],"twitter_card":"summary_large_image","twitter_site":"@iqera_group","schema":{"@context":"https:\/\/schema.org","@graph":[{"@type":"WebPage","@id":"https:\/\/www.iqera.com\/fr\/espace-entreprise\/services\/gestion-acquisition-de-creances\/valorisation-des-portefeuilles\/","url":"https:\/\/www.iqera.com\/fr\/espace-entreprise\/services\/gestion-acquisition-de-creances\/valorisation-des-portefeuilles\/","name":"Valorisation des portefeuilles - iQera","isPartOf":{"@id":"https:\/\/www.iqera.com\/fr\/#website"},"primaryImageOfPage":{"@id":"https:\/\/www.iqera.com\/fr\/espace-entreprise\/services\/gestion-acquisition-de-creances\/valorisation-des-portefeuilles\/#primaryimage"},"image":{"@id":"https:\/\/www.iqera.com\/fr\/espace-entreprise\/services\/gestion-acquisition-de-creances\/valorisation-des-portefeuilles\/#primaryimage"},"thumbnailUrl":"https:\/\/www.iqera.com\/app\/uploads\/2020\/02\/ecouvrement-judiciaire-2.jpg","datePublished":"2019-12-17T16:51:57+00:00","dateModified":"2023-06-06T16:12:03+00:00","description":"iQera accompagne les entreprises et institutions financi\u00e8res dans leurs op\u00e9rations de cessions de cr\u00e9ances depuis plus de 30 ans. En savoir plus...","breadcrumb":{"@id":"https:\/\/www.iqera.com\/fr\/espace-entreprise\/services\/gestion-acquisition-de-creances\/valorisation-des-portefeuilles\/#breadcrumb"},"inLanguage":"fr-FR","potentialAction":[{"@type":"ReadAction","target":["https:\/\/www.iqera.com\/fr\/espace-entreprise\/services\/gestion-acquisition-de-creances\/valorisation-des-portefeuilles\/"]}]},{"@type":"ImageObject","inLanguage":"fr-FR","@id":"https:\/\/www.iqera.com\/fr\/espace-entreprise\/services\/gestion-acquisition-de-creances\/valorisation-des-portefeuilles\/#primaryimage","url":"https:\/\/www.iqera.com\/app\/uploads\/2020\/02\/ecouvrement-judiciaire-2.jpg","contentUrl":"https:\/\/www.iqera.com\/app\/uploads\/2020\/02\/ecouvrement-judiciaire-2.jpg","width":1920,"height":1311},{"@type":"BreadcrumbList","@id":"https:\/\/www.iqera.com\/fr\/espace-entreprise\/services\/gestion-acquisition-de-creances\/valorisation-des-portefeuilles\/#breadcrumb","itemListElement":[{"@type":"ListItem","position":1,"name":"Home","item":"https:\/\/www.iqera.com\/fr\/"},{"@type":"ListItem","position":2,"name":"Espace Entreprise","item":"https:\/\/www.iqera.com\/fr\/espace-entreprise\/"},{"@type":"ListItem","position":3,"name":"Services","item":"https:\/\/www.iqera.com\/fr\/espace-entreprise\/services\/"},{"@type":"ListItem","position":4,"name":"Gestion et acquisitions de cr\u00e9ances","item":"https:\/\/www.iqera.com\/fr\/espace-entreprise\/services\/gestion-acquisition-de-creances\/"},{"@type":"ListItem","position":5,"name":"Valorisation des portefeuilles"}]},{"@type":"WebSite","@id":"https:\/\/www.iqera.com\/fr\/#website","url":"https:\/\/www.iqera.com\/fr\/","name":"iQera","description":"Leader de la relation financi\u00e8re clients","potentialAction":[{"@type":"SearchAction","target":{"@type":"EntryPoint","urlTemplate":"https:\/\/www.iqera.com\/fr\/?s={search_term_string}"},"query-input":{"@type":"PropertyValueSpecification","valueRequired":true,"valueName":"search_term_string"}}],"inLanguage":"fr-FR"}]}},"_links":{"self":[{"href":"https:\/\/www.iqera.com\/fr\/wp-json\/wp\/v2\/pages\/52","targetHints":{"allow":["GET"]}}],"collection":[{"href":"https:\/\/www.iqera.com\/fr\/wp-json\/wp\/v2\/pages"}],"about":[{"href":"https:\/\/www.iqera.com\/fr\/wp-json\/wp\/v2\/types\/page"}],"author":[{"embeddable":true,"href":"https:\/\/www.iqera.com\/fr\/wp-json\/wp\/v2\/users\/745"}],"replies":[{"embeddable":true,"href":"https:\/\/www.iqera.com\/fr\/wp-json\/wp\/v2\/comments?post=52"}],"version-history":[{"count":46,"href":"https:\/\/www.iqera.com\/fr\/wp-json\/wp\/v2\/pages\/52\/revisions"}],"predecessor-version":[{"id":11976,"href":"https:\/\/www.iqera.com\/fr\/wp-json\/wp\/v2\/pages\/52\/revisions\/11976"}],"up":[{"embeddable":true,"href":"https:\/\/www.iqera.com\/fr\/wp-json\/wp\/v2\/pages\/40"}],"wp:featuredmedia":[{"embeddable":true,"href":"https:\/\/www.iqera.com\/fr\/wp-json\/wp\/v2\/media\/1276"}],"wp:attachment":[{"href":"https:\/\/www.iqera.com\/fr\/wp-json\/wp\/v2\/media?parent=52"}],"curies":[{"name":"wp","href":"https:\/\/api.w.org\/{rel}","templated":true}]}}