{"id":72,"date":"2019-12-17T17:54:51","date_gmt":"2019-12-17T16:54:51","guid":{"rendered":"https:\/\/www.iqera.com\/?page_id=72"},"modified":"2026-03-17T11:18:23","modified_gmt":"2026-03-17T10:18:23","slug":"engagements","status":"publish","type":"page","link":"https:\/\/www.iqera.com\/fr\/espace-entreprise\/le-groupe\/engagements\/","title":{"rendered":"Nos engagements"},"content":{"rendered":"","protected":false},"excerpt":{"rendered":"","protected":false},"author":745,"featured_media":0,"parent":68,"menu_order":3,"comment_status":"closed","ping_status":"closed","template":"views\/template-free-section-page.blade.php","meta":{"_acf_changed":false,"footnotes":""},"class_list":["post-72","page","type-page","status-publish","hentry","website-area-enterprise"],"acf":[],"yoast_head":"<!-- This site is optimized with the Yoast SEO plugin v27.4 - https:\/\/yoast.com\/product\/yoast-seo-wordpress\/ -->\n<title>S&#039;engager avec fiert\u00e9 - iQera<\/title>\n<meta name=\"description\" content=\"iQera c\u2019est 2400 femmes et hommes engag\u00e9s partout o\u00f9 le groupe est implant\u00e9\" \/>\n<meta name=\"robots\" content=\"index, follow, max-snippet:-1, max-image-preview:large, max-video-preview:-1\" \/>\n<link rel=\"canonical\" href=\"https:\/\/www.iqera.com\/fr\/espace-entreprise\/le-groupe\/engagements\/\" \/>\n<meta property=\"og:locale\" content=\"fr_FR\" \/>\n<meta property=\"og:type\" content=\"article\" \/>\n<meta property=\"og:title\" content=\"S&#039;engager avec fiert\u00e9 - iQera\" \/>\n<meta property=\"og:description\" content=\"iQera c\u2019est 2400 femmes et hommes engag\u00e9s partout o\u00f9 le groupe est implant\u00e9\" \/>\n<meta property=\"og:url\" content=\"https:\/\/www.iqera.com\/fr\/espace-entreprise\/le-groupe\/engagements\/\" \/>\n<meta property=\"og:site_name\" content=\"iQera\" \/>\n<meta property=\"article:publisher\" content=\"https:\/\/www.facebook.com\/iQeraIO\" \/>\n<meta property=\"article:modified_time\" content=\"2026-03-17T10:18:23+00:00\" \/>\n<meta property=\"og:image\" content=\"https:\/\/www.iqera.com\/app\/uploads\/2020\/07\/iqera_1200x628.jpg\" \/>\n\t<meta property=\"og:image:width\" content=\"1200\" \/>\n\t<meta property=\"og:image:height\" content=\"628\" \/>\n\t<meta property=\"og:image:type\" content=\"image\/jpeg\" \/>\n<meta name=\"twitter:card\" content=\"summary_large_image\" \/>\n<meta name=\"twitter:site\" content=\"@iqera_group\" \/>\n<meta name=\"twitter:label1\" content=\"Dur\u00e9e de lecture estim\u00e9e\" \/>\n\t<meta name=\"twitter:data1\" content=\"5 minutes\" \/>\n<script type=\"application\/ld+json\" class=\"yoast-schema-graph\">{\"@context\":\"https:\\\/\\\/schema.org\",\"@graph\":[{\"@type\":\"WebPage\",\"@id\":\"https:\\\/\\\/www.iqera.com\\\/fr\\\/espace-entreprise\\\/le-groupe\\\/engagements\\\/\",\"url\":\"https:\\\/\\\/www.iqera.com\\\/fr\\\/espace-entreprise\\\/le-groupe\\\/engagements\\\/\",\"name\":\"S'engager avec fiert\u00e9 - iQera\",\"isPartOf\":{\"@id\":\"https:\\\/\\\/www.iqera.com\\\/fr\\\/#website\"},\"datePublished\":\"2019-12-17T16:54:51+00:00\",\"dateModified\":\"2026-03-17T10:18:23+00:00\",\"description\":\"iQera c\u2019est 2400 femmes et hommes engag\u00e9s partout o\u00f9 le groupe est implant\u00e9\",\"breadcrumb\":{\"@id\":\"https:\\\/\\\/www.iqera.com\\\/fr\\\/espace-entreprise\\\/le-groupe\\\/engagements\\\/#breadcrumb\"},\"inLanguage\":\"fr-FR\",\"potentialAction\":[{\"@type\":\"ReadAction\",\"target\":[\"https:\\\/\\\/www.iqera.com\\\/fr\\\/espace-entreprise\\\/le-groupe\\\/engagements\\\/\"]}]},{\"@type\":\"BreadcrumbList\",\"@id\":\"https:\\\/\\\/www.iqera.com\\\/fr\\\/espace-entreprise\\\/le-groupe\\\/engagements\\\/#breadcrumb\",\"itemListElement\":[{\"@type\":\"ListItem\",\"position\":1,\"name\":\"Home\",\"item\":\"https:\\\/\\\/www.iqera.com\\\/fr\\\/\"},{\"@type\":\"ListItem\",\"position\":2,\"name\":\"Espace Entreprise\",\"item\":\"https:\\\/\\\/www.iqera.com\\\/fr\\\/espace-entreprise\\\/\"},{\"@type\":\"ListItem\",\"position\":3,\"name\":\"Le Groupe\",\"item\":\"https:\\\/\\\/www.iqera.com\\\/fr\\\/espace-entreprise\\\/le-groupe\\\/\"},{\"@type\":\"ListItem\",\"position\":4,\"name\":\"Nos engagements\"}]},{\"@type\":\"WebSite\",\"@id\":\"https:\\\/\\\/www.iqera.com\\\/fr\\\/#website\",\"url\":\"https:\\\/\\\/www.iqera.com\\\/fr\\\/\",\"name\":\"iQera\",\"description\":\"Leader de la relation financi\u00e8re clients\",\"potentialAction\":[{\"@type\":\"SearchAction\",\"target\":{\"@type\":\"EntryPoint\",\"urlTemplate\":\"https:\\\/\\\/www.iqera.com\\\/fr\\\/?s={search_term_string}\"},\"query-input\":{\"@type\":\"PropertyValueSpecification\",\"valueRequired\":true,\"valueName\":\"search_term_string\"}}],\"inLanguage\":\"fr-FR\"}]}<\/script>\n<!-- \/ Yoast SEO plugin. -->","yoast_head_json":{"title":"S'engager avec fiert\u00e9 - iQera","description":"iQera c\u2019est 2400 femmes et hommes engag\u00e9s partout o\u00f9 le groupe est implant\u00e9","robots":{"index":"index","follow":"follow","max-snippet":"max-snippet:-1","max-image-preview":"max-image-preview:large","max-video-preview":"max-video-preview:-1"},"canonical":"https:\/\/www.iqera.com\/fr\/espace-entreprise\/le-groupe\/engagements\/","og_locale":"fr_FR","og_type":"article","og_title":"S'engager avec fiert\u00e9 - iQera","og_description":"iQera c\u2019est 2400 femmes et hommes engag\u00e9s partout o\u00f9 le groupe est implant\u00e9","og_url":"https:\/\/www.iqera.com\/fr\/espace-entreprise\/le-groupe\/engagements\/","og_site_name":"iQera","article_publisher":"https:\/\/www.facebook.com\/iQeraIO","article_modified_time":"2026-03-17T10:18:23+00:00","og_image":[{"width":1200,"height":628,"url":"https:\/\/www.iqera.com\/app\/uploads\/2020\/07\/iqera_1200x628.jpg","type":"image\/jpeg"}],"twitter_card":"summary_large_image","twitter_site":"@iqera_group","twitter_misc":{"Dur\u00e9e de lecture estim\u00e9e":"5 minutes"},"schema":{"@context":"https:\/\/schema.org","@graph":[{"@type":"WebPage","@id":"https:\/\/www.iqera.com\/fr\/espace-entreprise\/le-groupe\/engagements\/","url":"https:\/\/www.iqera.com\/fr\/espace-entreprise\/le-groupe\/engagements\/","name":"S'engager avec fiert\u00e9 - iQera","isPartOf":{"@id":"https:\/\/www.iqera.com\/fr\/#website"},"datePublished":"2019-12-17T16:54:51+00:00","dateModified":"2026-03-17T10:18:23+00:00","description":"iQera c\u2019est 2400 femmes et hommes engag\u00e9s partout o\u00f9 le groupe est implant\u00e9","breadcrumb":{"@id":"https:\/\/www.iqera.com\/fr\/espace-entreprise\/le-groupe\/engagements\/#breadcrumb"},"inLanguage":"fr-FR","potentialAction":[{"@type":"ReadAction","target":["https:\/\/www.iqera.com\/fr\/espace-entreprise\/le-groupe\/engagements\/"]}]},{"@type":"BreadcrumbList","@id":"https:\/\/www.iqera.com\/fr\/espace-entreprise\/le-groupe\/engagements\/#breadcrumb","itemListElement":[{"@type":"ListItem","position":1,"name":"Home","item":"https:\/\/www.iqera.com\/fr\/"},{"@type":"ListItem","position":2,"name":"Espace Entreprise","item":"https:\/\/www.iqera.com\/fr\/espace-entreprise\/"},{"@type":"ListItem","position":3,"name":"Le Groupe","item":"https:\/\/www.iqera.com\/fr\/espace-entreprise\/le-groupe\/"},{"@type":"ListItem","position":4,"name":"Nos engagements"}]},{"@type":"WebSite","@id":"https:\/\/www.iqera.com\/fr\/#website","url":"https:\/\/www.iqera.com\/fr\/","name":"iQera","description":"Leader de la relation financi\u00e8re clients","potentialAction":[{"@type":"SearchAction","target":{"@type":"EntryPoint","urlTemplate":"https:\/\/www.iqera.com\/fr\/?s={search_term_string}"},"query-input":{"@type":"PropertyValueSpecification","valueRequired":true,"valueName":"search_term_string"}}],"inLanguage":"fr-FR"}]}},"_links":{"self":[{"href":"https:\/\/www.iqera.com\/fr\/wp-json\/wp\/v2\/pages\/72","targetHints":{"allow":["GET"]}}],"collection":[{"href":"https:\/\/www.iqera.com\/fr\/wp-json\/wp\/v2\/pages"}],"about":[{"href":"https:\/\/www.iqera.com\/fr\/wp-json\/wp\/v2\/types\/page"}],"author":[{"embeddable":true,"href":"https:\/\/www.iqera.com\/fr\/wp-json\/wp\/v2\/users\/745"}],"replies":[{"embeddable":true,"href":"https:\/\/www.iqera.com\/fr\/wp-json\/wp\/v2\/comments?post=72"}],"version-history":[{"count":113,"href":"https:\/\/www.iqera.com\/fr\/wp-json\/wp\/v2\/pages\/72\/revisions"}],"predecessor-version":[{"id":13603,"href":"https:\/\/www.iqera.com\/fr\/wp-json\/wp\/v2\/pages\/72\/revisions\/13603"}],"up":[{"embeddable":true,"href":"https:\/\/www.iqera.com\/fr\/wp-json\/wp\/v2\/pages\/68"}],"wp:attachment":[{"href":"https:\/\/www.iqera.com\/fr\/wp-json\/wp\/v2\/media?parent=72"}],"curies":[{"name":"wp","href":"https:\/\/api.w.org\/{rel}","templated":true}]}}